{"id":7354,"date":"2025-09-13T16:12:16","date_gmt":"2025-09-13T16:12:16","guid":{"rendered":"https:\/\/dmatextile.com\/?post_type=product&#038;p=7354"},"modified":"2025-09-13T16:12:16","modified_gmt":"2025-09-13T16:12:16","slug":"fabric-for-table-cover-polycotton","status":"publish","type":"product","link":"https:\/\/dmatextile.com\/sq\/produkt\/fabric-for-table-cover-polycotton\/","title":{"rendered":"Cop\u00eb P\u00ebr Mbules\u00eb Tavoline Poli-Pambuk"},"content":{"rendered":"","protected":false},"excerpt":{"rendered":"","protected":false},"featured_media":7356,"comment_status":"open","ping_status":"closed","template":"","meta":[],"product_brand":[],"product_cat":[81],"product_tag":[],"class_list":{"0":"post-7354","1":"product","2":"type-product","3":"status-publish","4":"has-post-thumbnail","6":"product_cat-tablecloths_handnapkins","8":"first","9":"instock","10":"shipping-taxable","11":"product-type-simple"},"_links":{"self":[{"href":"https:\/\/dmatextile.com\/sq\/wp-json\/wp\/v2\/product\/7354","targetHints":{"allow":["GET"]}}],"collection":[{"href":"https:\/\/dmatextile.com\/sq\/wp-json\/wp\/v2\/product"}],"about":[{"href":"https:\/\/dmatextile.com\/sq\/wp-json\/wp\/v2\/types\/product"}],"replies":[{"embeddable":true,"href":"https:\/\/dmatextile.com\/sq\/wp-json\/wp\/v2\/comments?post=7354"}],"wp:featuredmedia":[{"embeddable":true,"href":"https:\/\/dmatextile.com\/sq\/wp-json\/wp\/v2\/media\/7356"}],"wp:attachment":[{"href":"https:\/\/dmatextile.com\/sq\/wp-json\/wp\/v2\/media?parent=7354"}],"wp:term":[{"taxonomy":"product_brand","embeddable":true,"href":"https:\/\/dmatextile.com\/sq\/wp-json\/wp\/v2\/product_brand?post=7354"},{"taxonomy":"product_cat","embeddable":true,"href":"https:\/\/dmatextile.com\/sq\/wp-json\/wp\/v2\/product_cat?post=7354"},{"taxonomy":"product_tag","embeddable":true,"href":"https:\/\/dmatextile.com\/sq\/wp-json\/wp\/v2\/product_tag?post=7354"}],"curies":[{"name":"wp","href":"https:\/\/api.w.org\/{rel}","templated":true}]}}